{"id":75,"date":"2024-04-29T20:23:04","date_gmt":"2024-04-29T23:23:04","guid":{"rendered":"http:\/\/172.17.24.164\/?page_id=75"},"modified":"2024-04-29T20:23:04","modified_gmt":"2024-04-29T23:23:04","slug":"plan-de-estudios","status":"publish","type":"page","link":"https:\/\/dsi.utalca.cl\/index.php\/plan-de-estudios\/","title":{"rendered":"Plan de Estudios"},"content":{"rendered":"\n<div class=\"wp-block-group w-100 h-60 is-vertical is-layout-flex wp-container-core-group-is-layout-5 wp-block-group-is-layout-flex\"><h2 style=\"font-style:normal;font-weight:700;\" class=\"wp-block-post-title has-large-font-size has-system-sans-serif-font-family\">Plan de Estudios<\/h2>\n\n\n<div class=\"wp-block-columns w-100 is-layout-flex wp-container-core-columns-is-layout-1 wp-block-columns-is-layout-flex\" style=\"margin-top:var(--wp--preset--spacing--20);margin-bottom:var(--wp--preset--spacing--20)\">\n<div class=\"wp-block-column is-vertically-aligned-top is-layout-flow wp-block-column-is-layout-flow\">\n<div class=\"wp-block-group is-vertical is-layout-flex wp-container-core-group-is-layout-1 wp-block-group-is-layout-flex\">\n<h4 class=\"wp-block-heading has-text-align-center w-100 has-system-sans-serif-font-family has-medium-font-size\" style=\"font-style:normal;font-weight:600\">Primer A\u00f1o<\/h4>\n\n\n\n<ul class=\"wp-block-list\">\n<li class=\"has-small-font-size\">Sistemas de Ingenier\u00eda<\/li>\n\n\n\n<li class=\"has-small-font-size\">Evaluaci\u00f3n y Mejoramiento de Sistemas<\/li>\n\n\n\n<li class=\"has-small-font-size\">Innovaci\u00f3n Tecnol\u00f3gica<\/li>\n\n\n\n<li class=\"has-small-font-size\">T\u00f3pico de Especialidad I<\/li>\n\n\n\n<li class=\"has-small-font-size\">Metodolog\u00eda de Investigaci\u00f3n<\/li>\n\n\n\n<li class=\"has-small-font-size\">An\u00e1lisis de Estado del Arte<\/li>\n\n\n\n<li class=\"has-small-font-size\">T\u00f3pico de Especialidad II<\/li>\n\n\n\n<li class=\"has-small-font-size\">T\u00f3pico de Especialidad III<\/li>\n\n\n\n<li class=\"has-small-font-size\">Unidad de Investigaci\u00f3n I<\/li>\n<\/ul>\n<\/div>\n<\/div>\n\n\n\n<div class=\"wp-block-column is-layout-flow wp-block-column-is-layout-flow\">\n<div class=\"wp-block-group is-vertical is-layout-flex wp-container-core-group-is-layout-2 wp-block-group-is-layout-flex\">\n<h4 class=\"wp-block-heading has-text-align-center w-100 has-system-sans-serif-font-family has-medium-font-size\" style=\"font-style:normal;font-weight:600\">Segundo A\u00f1o<\/h4>\n<\/div>\n\n\n\n<ul class=\"wp-block-list\">\n<li class=\"has-small-font-size\">Unidad de Investigaci\u00f3n II<\/li>\n\n\n\n<li class=\"has-small-font-size\">Electivo I<\/li>\n\n\n\n<li class=\"has-small-font-size\">Proyecto de Tesis I<\/li>\n\n\n\n<li class=\"has-small-font-size\">Proyecto de Tesis II<\/li>\n\n\n\n<li class=\"has-small-font-size\">Electivo II<\/li>\n\n\n\n<li class=\"has-small-font-size\">Examen de Calificaci\u00f3n<\/li>\n\n\n\n<li class=\"has-small-font-size\">Taller de Publicaci\u00f3n<\/li>\n<\/ul>\n<\/div>\n\n\n\n<div class=\"wp-block-column is-layout-flow wp-block-column-is-layout-flow\">\n<div class=\"wp-block-group is-vertical is-layout-flex wp-container-core-group-is-layout-3 wp-block-group-is-layout-flex\">\n<h4 class=\"wp-block-heading has-text-align-center w-100 has-system-sans-serif-font-family has-medium-font-size\" style=\"font-style:normal;font-weight:600\">Tercer A\u00f1o<\/h4>\n<\/div>\n\n\n\n<ul class=\"wp-block-list\">\n<li class=\"has-small-font-size\">Tesis Doctoral I<\/li>\n\n\n\n<li class=\"has-small-font-size\">Tesis Doctoral II<\/li>\n<\/ul>\n<\/div>\n\n\n\n<div class=\"wp-block-column is-layout-flow wp-block-column-is-layout-flow\">\n<div class=\"wp-block-group is-vertical is-layout-flex wp-container-core-group-is-layout-4 wp-block-group-is-layout-flex\">\n<h4 class=\"wp-block-heading has-text-align-center w-100 has-system-sans-serif-font-family has-medium-font-size\" style=\"font-style:normal;font-weight:600\">Cuarto A\u00f1o<\/h4>\n<\/div>\n\n\n\n<ul class=\"wp-block-list\">\n<li class=\"has-small-font-size\">Tesis de Doctorado \/ Examen de Grado<\/li>\n<\/ul>\n<\/div>\n<\/div>\n<\/div>\n","protected":false},"excerpt":{"rendered":"<p>Primer A\u00f1o Segundo A\u00f1o Tercer A\u00f1o Cuarto A\u00f1o<\/p>\n","protected":false},"author":1,"featured_media":0,"parent":0,"menu_order":0,"comment_status":"closed","ping_status":"closed","template":"","meta":{"om_disable_all_campaigns":false,"_monsterinsights_skip_tracking":false,"_monsterinsights_sitenote_active":false,"_monsterinsights_sitenote_note":"","_monsterinsights_sitenote_category":0,"_uf_show_specific_survey":0,"_uf_disable_surveys":false,"footnotes":""},"class_list":["post-75","page","type-page","status-publish","hentry"],"aioseo_notices":[],"_links":{"self":[{"href":"https:\/\/dsi.utalca.cl\/index.php\/wp-json\/wp\/v2\/pages\/75","targetHints":{"allow":["GET"]}}],"collection":[{"href":"https:\/\/dsi.utalca.cl\/index.php\/wp-json\/wp\/v2\/pages"}],"about":[{"href":"https:\/\/dsi.utalca.cl\/index.php\/wp-json\/wp\/v2\/types\/page"}],"author":[{"embeddable":true,"href":"https:\/\/dsi.utalca.cl\/index.php\/wp-json\/wp\/v2\/users\/1"}],"replies":[{"embeddable":true,"href":"https:\/\/dsi.utalca.cl\/index.php\/wp-json\/wp\/v2\/comments?post=75"}],"version-history":[{"count":0,"href":"https:\/\/dsi.utalca.cl\/index.php\/wp-json\/wp\/v2\/pages\/75\/revisions"}],"wp:attachment":[{"href":"https:\/\/dsi.utalca.cl\/index.php\/wp-json\/wp\/v2\/media?parent=75"}],"curies":[{"name":"wp","href":"https:\/\/api.w.org\/{rel}","templated":true}]}}