{"id":578,"date":"2024-10-24T08:56:12","date_gmt":"2024-10-24T11:56:12","guid":{"rendered":"https:\/\/dsi.utalca.cl\/?page_id=578"},"modified":"2024-10-24T09:57:32","modified_gmt":"2024-10-24T12:57:32","slug":"becas","status":"publish","type":"page","link":"https:\/\/dsi.utalca.cl\/index.php\/becas\/","title":{"rendered":"Becas"},"content":{"rendered":"\n<p class=\"has-system-sans-serif-font-family has-large-font-size\" id=\"becas-internas\" style=\"margin-bottom:var(--wp--preset--spacing--40);font-style:normal;font-weight:700\">Becas Internas de la Universidad de Talca<\/p>\n\n\n\n<p style=\"margin-top:var(--wp--preset--spacing--40);margin-bottom:0\"><strong>Beca de Estudio Doctoral<\/strong>:<br>Financiamiento de gastos de manutenci\u00f3n y la exenci\u00f3n del pago de arancel anual del programa de Doctorado en Sistemas de Ingenier\u00eda. Esta beca se otorga por un periodo de un a\u00f1o siendo renovable anualmente con un m\u00e1ximo de a\u00f1os seg\u00fan la duraci\u00f3n del plan de formaci\u00f3n. Cada a\u00f1o hay un m\u00e1ximo de 2 cupos y, para el a\u00f1o 2024, el estudiante recibe un monto mensual de $727.843 CLP.<br><br><em>Si desea descargar el documento haga <a href=\"https:\/\/dsi.utalca.cl\/wp-content\/uploads\/2024\/10\/RU-1603-2017.pdf\" data-type=\"link\" data-id=\"https:\/\/dsi.utalca.cl\/wp-content\/uploads\/2024\/10\/RU-1603-2017.pdf\">click aqu\u00ed<\/a><\/em><\/p>\n\n\n\n<p style=\"margin-top:var(--wp--preset--spacing--40);margin-bottom:0\"><strong>Beca de Exenci\u00f3n de Arancel Doctoral:<\/strong><br>Liberaci\u00f3n del arancel anual del programa de Doctorado en Sistemas de Ingenier\u00eda. Esta beca no considera gastos de manutenci\u00f3n ni asignaci\u00f3n por concepto de salud. Es otorgada por un periodo de un a\u00f1o siendo renovable anualmente con un m\u00e1ximo de a\u00f1os seg\u00fan la duraci\u00f3n de plan de formaci\u00f3n,  a menos que se pierda el beneficio, de acuerdo con el reglamento de Beca de Estudio Doctoral (RU-1603-2017).<br><br><em>Si desea descargar el documento haga <a href=\"https:\/\/dsi.utalca.cl\/wp-content\/uploads\/2024\/10\/RU-1603-2017.pdf\" data-type=\"link\" data-id=\"https:\/\/dsi.utalca.cl\/wp-content\/uploads\/2024\/10\/RU-1603-2017.pdf\">click aqu\u00ed<\/a><\/em><\/p>\n\n\n\n<p style=\"margin-top:var(--wp--preset--spacing--40);margin-bottom:0\"><strong>Beca de Exenci\u00f3n Parcial de Arancel Doctoral:<\/strong><br>Beca entregada a estudiantes con financiamiento externo, de al menos un 80% del valor del arancel del programa de Doctorado en Sistemas de Ingenier\u00eda. Consiste en la liberaci\u00f3n parcial del arancel anual del programa y no contempla gastos de manutenci\u00f3n ni asignaci\u00f3n por concepto de salud. La exenci\u00f3n parcial corresponde a la diferencia entre el valor del arancel del programa y el valor pagado por la beca externa con un tope de 20% del valor del arancel anual. Es otorgada por un periodo de un a\u00f1o siendo renovable anualmente con un m\u00e1ximo de a\u00f1os seg\u00fan la duraci\u00f3n de plan de formaci\u00f3n, a menos que se pierda el beneficio, de acuerdo con el reglamento de Beca de Estudio Doctoral (RU-1603-2017).<br><br><em>Si desea descargar el documento haga <a href=\"https:\/\/dsi.utalca.cl\/wp-content\/uploads\/2024\/10\/RU-1603-2017.pdf\" data-type=\"link\" data-id=\"https:\/\/dsi.utalca.cl\/wp-content\/uploads\/2024\/10\/RU-1603-2017.pdf\">click aqu\u00ed<\/a><\/em><\/p>\n\n\n\n<p style=\"margin-top:var(--wp--preset--spacing--40);margin-bottom:0\"><strong>Beca de Estudio Doctoral para Estudiantes Extranjeros NO RESIDENTES en Chile:<\/strong><br>Financiamiento de gastos de manutenci\u00f3n y la exenci\u00f3n del pago de arancel anual del programa de Doctorado en Sistemas de Ingenier\u00eda. Esta beca se otorga por un periodo de un a\u00f1o siendo renovable anualmente con un m\u00e1ximo de a\u00f1os seg\u00fan la duraci\u00f3n del plan de formaci\u00f3n. Para el a\u00f1o 2024, el estudiante recibe un monto mensual de $727.843 CLP.<br><br><em>Si desea descargar el documento haga <a href=\"https:\/\/dsi.utalca.cl\/wp-content\/uploads\/2024\/10\/RU-291-2019.pdf\" data-type=\"link\" data-id=\"https:\/\/dsi.utalca.cl\/wp-content\/uploads\/2024\/10\/RU-1603-2017.pdf\">click aqu\u00ed<\/a><\/em><\/p>\n\n\n\n<p style=\"margin-top:var(--wp--preset--spacing--40);margin-bottom:0\"><strong>Beca Especial de Manutenci\u00f3n para Programas de Doctorado<\/strong><br>Entrega de apoyo financiero para estudiantes extranjeros del programa de Doctorado en Sistemas de Ingenier\u00eda. Destinado a cubrir gastos de manutenci\u00f3n mensual del estudiante. Esta beca se otorga por un periodo de un a\u00f1o siendo renovable anualmente con un m\u00e1ximo de cuatro (4) a\u00f1os una vez ingresado el estudiante al programa de Doctorado en Sistemas de Ingenier\u00eda. Esta beca aplica todos las consideraciones y obligaciones seg\u00fan las resoluciones universitarias RU-1603 y RU-291-2019.<br><br><em>Si desea descargar el documento RU-1603-2017 haga <a href=\"https:\/\/dsi.utalca.cl\/wp-content\/uploads\/2024\/10\/RU-1603-2017.pdf\" data-type=\"link\" data-id=\"https:\/\/dsi.utalca.cl\/wp-content\/uploads\/2024\/10\/RU-1603-2017.pdf\">click aqu\u00ed<\/a> y para el documento RU-291-2019 haga <a href=\"https:\/\/dsi.utalca.cl\/wp-content\/uploads\/2024\/10\/RU-291-2019.pdf\">click aqu\u00ed<\/a><\/em><\/p>\n\n\n\n<p style=\"margin-top:var(--wp--preset--spacing--40);margin-bottom:0\"><br><strong>Beca para Mujeres Estudiantes de Postgrado:<\/strong><br>Entrega de un monto \u00fanico de $2.000.000.- CLP. Adjudicable una sola vez y es incompatible con otra beca institucional.<br><br>Si desea descargar el documento haga <a href=\"https:\/\/dsi.utalca.cl\/wp-content\/uploads\/2024\/10\/RU-1546-2022.pdf\">click aqu\u00ed<\/a><\/p>\n\n\n\n<p class=\"has-system-sans-serif-font-family has-large-font-size\" id=\"becas-externas\" style=\"margin-top:var(--wp--preset--spacing--50);margin-bottom:var(--wp--preset--spacing--40);font-style:normal;font-weight:700\">Becas Externas de la Universidad de Talca<\/p>\n\n\n\n<p style=\"margin-bottom:0\"><strong>Beca de Doctorado Nacional, Agencia Nacional de Investigaci\u00f3n y Desarrollo (ANID):<\/strong><br>Entrega apoyo financiero a estudiantes de doctorado en todas las \u00e1reas de conocimiento en programas acreditados en conformidad con la ley N 20.129 e impartida por universidades chilenas, por un plazo m\u00e1ximo de 4 a\u00f1os contados desde la fecha de inicio del programa de estudios. Adem\u00e1s, en caso que corresponda, una extensi\u00f3n de los beneficios de mantenimiento hasta por un periodo m\u00e1ximo de seis (6) meses para la redacci\u00f3n de la tesis doctoral. Pueden postular chilenos y extranjeros, con o sin permanencia definitiva en Chile.<br><br><em>Si desea m\u00e1s informaci\u00f3n haga <a href=\"https:\/\/anid.cl\/concursos\/beca-de-doctorado-nacional-ano-academico-2025\/\">click aqu\u00ed<\/a><\/em><\/p>\n\n\n\n<p style=\"margin-top:var(--wp--preset--spacing--40)\"><strong>Beca Organizaci\u00f3n de Estados Americanos (OEA):<\/strong><br>Beca dirigida a profesionales y licenciados de los pa\u00edses miembros de la OEA que deseen estudiar en alguno de nuestros programas de postgrado, de acuerdo con el convenio existente con la Universidad de Talca.<br><br><em>Si desea m\u00e1s informaci\u00f3n haga <a href=\"https:\/\/www.oas.org\/es\/becas\/programaregular\/consorcio.asp\">click aqu\u00ed<\/a><\/em><\/p>\n\n\n\n<p class=\"has-system-sans-serif-font-family has-large-font-size\" id=\"becas-dsi\" style=\"margin-top:var(--wp--preset--spacing--50);margin-bottom:var(--wp--preset--spacing--40);font-style:normal;font-weight:700\">Becas de la Universidad de Talca para financiar actividades acad\u00e9micas:<\/p>\n\n\n\n<p><strong>Beca de Internacionalizaci\u00f3n de programas de Doctorado:<\/strong><br>Dirigido a estudiantes de postgrado. Corresponde al financiamiento econ\u00f3mico para actividades acad\u00e9micas relacionadas con su tesis doctoral en el extranjero, bajo la modalidad de cotutela con universidades o centro de investigaci\u00f3n extranjeros. Incluye pasajes de ida y vuelta al pa\u00eds de destino m\u00e1s una asignaci\u00f3n de manutenci\u00f3n mensual determinada.<\/p>\n\n\n\n<p style=\"margin-top:var(--wp--preset--spacing--40)\"><strong>Becas DSI para Congresos Nacionales e Internacionales:<\/strong><br>Entrega de financiamiento parcial para la participaci\u00f3n de estudiantes del programa de Doctorado en Sistemas de Ingenier\u00eda en congresos nacionales e internacionales, organizados por instituciones reconocidas o de prestigio en el \u00e1rea de estudios.<\/p>\n\n\n\n<p style=\"margin-top:var(--wp--preset--spacing--40);margin-bottom:var(--wp--preset--spacing--50)\"><strong>Becas DSI para Pasant\u00edas en el Extranjero:<\/strong><br>Se ofrece a los estudiantes del Programa de Doctorado en Sistemas de Ingenier\u00eda la oportunidad de financiamiento para realizar pasant\u00edas de investigaci\u00f3n en el extranjero, siempre y cuando sea en beneficio del desarrollo de su tesis doctoral.<\/p>\n","protected":false},"excerpt":{"rendered":"<p>Becas Internas de la Universidad de Talca Beca de Estudio Doctoral:Financiamiento de gastos de manutenci\u00f3n y la exenci\u00f3n del pago de arancel anual del programa de Doctorado en Sistemas de Ingenier\u00eda. Esta beca se otorga por un periodo de un a\u00f1o siendo renovable anualmente con un m\u00e1ximo de a\u00f1os seg\u00fan la duraci\u00f3n del plan de [&hellip;]<\/p>\n","protected":false},"author":1,"featured_media":0,"parent":0,"menu_order":0,"comment_status":"closed","ping_status":"closed","template":"","meta":{"om_disable_all_campaigns":false,"_monsterinsights_skip_tracking":false,"_monsterinsights_sitenote_active":false,"_monsterinsights_sitenote_note":"","_monsterinsights_sitenote_category":0,"_uf_show_specific_survey":0,"_uf_disable_surveys":false,"footnotes":""},"class_list":["post-578","page","type-page","status-publish","hentry"],"aioseo_notices":[],"_links":{"self":[{"href":"https:\/\/dsi.utalca.cl\/index.php\/wp-json\/wp\/v2\/pages\/578","targetHints":{"allow":["GET"]}}],"collection":[{"href":"https:\/\/dsi.utalca.cl\/index.php\/wp-json\/wp\/v2\/pages"}],"about":[{"href":"https:\/\/dsi.utalca.cl\/index.php\/wp-json\/wp\/v2\/types\/page"}],"author":[{"embeddable":true,"href":"https:\/\/dsi.utalca.cl\/index.php\/wp-json\/wp\/v2\/users\/1"}],"replies":[{"embeddable":true,"href":"https:\/\/dsi.utalca.cl\/index.php\/wp-json\/wp\/v2\/comments?post=578"}],"version-history":[{"count":4,"href":"https:\/\/dsi.utalca.cl\/index.php\/wp-json\/wp\/v2\/pages\/578\/revisions"}],"predecessor-version":[{"id":589,"href":"https:\/\/dsi.utalca.cl\/index.php\/wp-json\/wp\/v2\/pages\/578\/revisions\/589"}],"wp:attachment":[{"href":"https:\/\/dsi.utalca.cl\/index.php\/wp-json\/wp\/v2\/media?parent=578"}],"curies":[{"name":"wp","href":"https:\/\/api.w.org\/{rel}","templated":true}]}}