{"id":232,"date":"2024-04-29T19:16:45","date_gmt":"2024-04-29T22:16:45","guid":{"rendered":"http:\/\/172.17.24.164\/?page_id=63"},"modified":"2024-04-29T19:16:45","modified_gmt":"2024-04-29T22:16:45","slug":"proceso-de-seleccion","status":"publish","type":"page","link":"https:\/\/dsi.utalca.cl\/index.php\/proceso-de-seleccion\/","title":{"rendered":"Proceso de Selecci\u00f3n"},"content":{"rendered":"\n<div class=\"wp-block-group h-60 is-vertical is-layout-flex wp-container-core-group-is-layout-1 wp-block-group-is-layout-flex\"><h2 style=\"font-style:normal;font-weight:700;\" class=\"wp-block-post-title has-large-font-size has-system-sans-serif-font-family\">Proceso de Selecci\u00f3n<\/h2>\n\n\n<p class=\"has-small-font-size\">Las postulaciones al Programa ser\u00e1n evaluadas por el Comit\u00e9 Acad\u00e9mico mediante una r\u00fabrica que contempla los antecedentes presentados por los estudiantes y la entrevista personal, ponder\u00e1ndose de la siguiente manera:<\/p>\n\n\n\n<ul class=\"wp-block-list\">\n<li class=\"has-small-font-size\">Antecedentes acad\u00e9micos, que contemplan notas y ranking de egreso en pregrado, notas en postgrado (si corresponde), publicaciones, experiencia laboral y participaci\u00f3n en proyectos de investigaci\u00f3n y\/o transferencia tecnol\u00f3gica. Este factor tiene una ponderaci\u00f3n del 55%.<\/li>\n\n\n\n<li class=\"has-small-font-size\">Carta de postulaci\u00f3n y fundamentos para elegir \u00e1rea de inter\u00e9s, donde se evaluar\u00e1 que el postulante fundamente apropiadamente su \u00e1rea de especialidad y la pertenencia a una de las l\u00edneas de investigaci\u00f3n del Programa. De igual modo, es valorable que el postulante presente en detalle la retribuci\u00f3n espera entregar a la sociedad una vez obtenido el grado. Este factor tiene una ponderaci\u00f3n del 15%.<\/li>\n\n\n\n<li class=\"has-small-font-size\">Entrevista personal con el Comit\u00e9 Acad\u00e9mico, donde se evaluar\u00e1 motivaci\u00f3n y conocimiento del perfil de egreso del programa; habilidades, competencias y dominio t\u00e9cnico del tema presentado y estructura y calidad de la presentaci\u00f3n. Este factor tiene una ponderaci\u00f3n del 30%.<\/li>\n<\/ul>\n\n\n\n<p class=\"has-small-font-size\">La calificaci\u00f3n de cada uno de los criterios se\u00f1alados precedentemente se efectuar\u00e1 con la escala de 1 a 5, con tres cifras decimales. Puedes consultar la r\u00fabrica de evaluaci\u00f3n.<\/p>\n<\/div>\n","protected":false},"excerpt":{"rendered":"<p>Las postulaciones al Programa ser\u00e1n evaluadas por el Comit\u00e9 Acad\u00e9mico mediante una r\u00fabrica que contempla los antecedentes presentados por los estudiantes y la entrevista personal, ponder\u00e1ndose de la siguiente manera: La calificaci\u00f3n de cada uno de los criterios se\u00f1alados precedentemente se efectuar\u00e1 con la escala de 1 a 5, con tres cifras decimales. Puedes consultar [&hellip;]<\/p>\n","protected":false},"author":1,"featured_media":0,"parent":0,"menu_order":0,"comment_status":"closed","ping_status":"closed","template":"","meta":{"om_disable_all_campaigns":false,"_monsterinsights_skip_tracking":false,"_monsterinsights_sitenote_active":false,"_monsterinsights_sitenote_note":"","_monsterinsights_sitenote_category":0,"_uf_show_specific_survey":0,"_uf_disable_surveys":false,"footnotes":""},"class_list":["post-232","page","type-page","status-publish","hentry"],"aioseo_notices":[],"_links":{"self":[{"href":"https:\/\/dsi.utalca.cl\/index.php\/wp-json\/wp\/v2\/pages\/232","targetHints":{"allow":["GET"]}}],"collection":[{"href":"https:\/\/dsi.utalca.cl\/index.php\/wp-json\/wp\/v2\/pages"}],"about":[{"href":"https:\/\/dsi.utalca.cl\/index.php\/wp-json\/wp\/v2\/types\/page"}],"author":[{"embeddable":true,"href":"https:\/\/dsi.utalca.cl\/index.php\/wp-json\/wp\/v2\/users\/1"}],"replies":[{"embeddable":true,"href":"https:\/\/dsi.utalca.cl\/index.php\/wp-json\/wp\/v2\/comments?post=232"}],"version-history":[{"count":0,"href":"https:\/\/dsi.utalca.cl\/index.php\/wp-json\/wp\/v2\/pages\/232\/revisions"}],"wp:attachment":[{"href":"https:\/\/dsi.utalca.cl\/index.php\/wp-json\/wp\/v2\/media?parent=232"}],"curies":[{"name":"wp","href":"https:\/\/api.w.org\/{rel}","templated":true}]}}