{"id":231,"date":"2024-04-29T19:16:45","date_gmt":"2024-04-29T22:16:45","guid":{"rendered":"http:\/\/172.17.24.164\/?page_id=62"},"modified":"2025-09-08T15:51:36","modified_gmt":"2025-09-08T18:51:36","slug":"admision","status":"publish","type":"page","link":"https:\/\/dsi.utalca.cl\/index.php\/admision\/","title":{"rendered":"Proceso de Admisi\u00f3n 2026"},"content":{"rendered":"\n<div class=\"wp-block-group h-60 is-vertical is-layout-flex wp-container-core-group-is-layout-5 wp-block-group-is-layout-flex\"><h2 style=\"font-style:normal;font-weight:700; margin-bottom:var(--wp--preset--spacing--20);\" class=\"wp-block-post-title has-large-font-size has-system-sans-serif-font-family\">Proceso de Admisi\u00f3n 2026<\/h2>\n\n\n<div class=\"wp-block-group w-100 has-global-padding is-layout-constrained wp-block-group-is-layout-constrained\" style=\"margin-top:var(--wp--preset--spacing--30);margin-bottom:var(--wp--preset--spacing--30)\">\n<p class=\"has-medium-font-size\" id=\"informacion-general\"><strong>Informaci\u00f3n general:<\/strong><\/p>\n\n\n\n<ul class=\"wp-block-list\">\n<li class=\"has-small-font-size\"><strong>Inicio de postulaciones: <\/strong>01 de septiembre de 2025.<\/li>\n\n\n\n<li class=\"has-small-font-size\"><strong>T\u00e9rmino de postulaciones: <\/strong>01 de noviembre de 2025.<\/li>\n\n\n\n<li class=\"has-small-font-size\"><strong>Cupos m\u00ednimos: <\/strong>3 cupos.<\/li>\n\n\n\n<li class=\"has-small-font-size\"><strong>Cupos m\u00e1ximos:<\/strong> 12 cupos.<\/li>\n\n\n\n<li class=\"has-small-font-size\"><strong>Inicio de clases: <\/strong>Marzo de 2026.<\/li>\n\n\n\n<li class=\"has-small-font-size\"><strong>Valor arancel: <\/strong>Para 2026 es de $16.346.075 CLP (arancel total del programa).<\/li>\n\n\n\n<li class=\"has-small-font-size\" style=\"margin-top:0;margin-bottom:0\"><strong>Valor matr\u00edcula: <\/strong>Para 2025 es de $688.990 CLP (Resoluci\u00f3n Universitaria en tr\u00e1mite), monto que debe pagarse por \u00fanica vez al comienzo del programa. Debe pagarse en 1 o 2 cuotas durante el primer a\u00f1o de estudio.<\/li>\n<\/ul>\n<\/div>\n\n\n\n<div class=\"wp-block-group w-100 has-global-padding is-layout-constrained wp-block-group-is-layout-constrained\" style=\"margin-top:0;margin-bottom:var(--wp--preset--spacing--30)\">\n<hr class=\"wp-block-separator has-alpha-channel-opacity is-style-wide\"\/>\n<\/div>\n\n\n\n<p class=\"has-medium-font-size\" id=\"requisitos-postulacion\" style=\"margin-top:0;margin-bottom:0\"><strong>Requisitos de Postulaci\u00f3n:<\/strong><\/p>\n\n\n\n<p class=\"has-small-font-size\">Los requisitos para postular al Doctorado en Sistemas de Ingenier\u00eda son:<\/p>\n\n\n\n<ul class=\"wp-block-list\">\n<li class=\"has-small-font-size\">Poseer el grado acad\u00e9mico de Licenciado en Ciencias de la Ingenier\u00eda, o t\u00edtulo profesional equivalente al grado de Licenciado en Ciencias de la Ingenier\u00eda, o un Mag\u00edster en Ciencias de la Ingenier\u00eda o equivalente.<\/li>\n\n\n\n<li class=\"has-small-font-size\">Sostener una entrevista personal con el Comit\u00e9 Acad\u00e9mico, donde el candidato deber\u00e1 realizar una presentaci\u00f3n acerca de un t\u00f3pico de su inter\u00e9s relacionado con las l\u00edneas de investigaci\u00f3n del Programa.<\/li>\n\n\n\n<li class=\"has-small-font-size\">Certificar dominio del idioma ingl\u00e9s como m\u00ednimo al nivel A2 del Marco Com\u00fan Europeo de Referencia para las Lenguas.<\/li>\n<\/ul>\n\n\n\n<p class=\"has-small-font-size\" style=\"margin-top:0;margin-bottom:0\">Importante: Quienes postulen a doble graduaci\u00f3n o cotutela deber\u00e1n cumplir con los requisitos exigidos por la Universidad de Talca y la Universidad de contraparte.<\/p>\n\n\n\n<div class=\"wp-block-group w-100 has-global-padding is-layout-constrained wp-block-group-is-layout-constrained\" style=\"margin-top:var(--wp--preset--spacing--30);margin-bottom:var(--wp--preset--spacing--30)\">\n<hr class=\"wp-block-separator has-alpha-channel-opacity is-style-wide\"\/>\n<\/div>\n\n\n\n<p class=\"has-medium-font-size\" id=\"documentos-necesarios\"><strong>Documentos para Postular:<\/strong><\/p>\n\n\n\n<ul class=\"wp-block-list\">\n<li class=\"has-small-font-size\">Copia simple de c\u00e9dula de identidad o pasaporte.<\/li>\n\n\n\n<li class=\"has-small-font-size\">Curr\u00edculum vitae (seg\u00fan&nbsp;<a href=\"https:\/\/dsi.utalca.cl\/wp-content\/uploads\/2024\/09\/cv_formato.doc\" target=\"_blank\" rel=\"noreferrer noopener\">formato<\/a>).<\/li>\n\n\n\n<li class=\"has-small-font-size\">Concentraci\u00f3n de notas de estudios de pregrado.<\/li>\n\n\n\n<li class=\"has-small-font-size\">Concentraci\u00f3n de notas de estudios de postgrado (si corresponde).<\/li>\n\n\n\n<li class=\"has-small-font-size\">Copia legalizada del certificado de grado o t\u00edtulo profesional.<\/li>\n\n\n\n<li class=\"has-small-font-size\">Certificado de ranking de egreso. Si un postulante se encuentra imposibilitado de presentar dicho documento, deber\u00e1 entregar un certificado emitido por la instituci\u00f3n de origen de pregrado, o Ministerio de Educaci\u00f3n, o Consejo Nacional de Educaci\u00f3n (seg\u00fan corresponda), que acredite que la Instituci\u00f3n de origen no provee dicho ranking o que se encuentra revocado.<\/li>\n\n\n\n<li class=\"has-small-font-size\">Carta de postulaci\u00f3n donde el estudiante debe resumir su historial acad\u00e9mico\/ profesional, describir sus motivaciones para ingresar al programa, y explicar su proyecci\u00f3n como estudiante de doctorado.<\/li>\n\n\n\n<li class=\"has-small-font-size\">Documentaci\u00f3n que certifique el dominio de idioma ingl\u00e9s. Este requisito es opcional para el proceso de selecci\u00f3n, pero ser\u00e1 requerido si el postulante es aceptado en el programa.<\/li>\n\n\n\n<li class=\"has-small-font-size\">Dos cartas de recomendaci\u00f3n de investigadores o acad\u00e9micos de pregrado\/postgrado adscritos a instituciones nacionales o internacionales. Estas cartas son requisito de postulaci\u00f3n pero no son ponderadas como criterio de selecci\u00f3n.<\/li>\n<\/ul>\n\n\n\n<hr class=\"wp-block-separator has-alpha-channel-opacity is-style-wide\"\/>\n\n\n\n<div class=\"wp-block-group w-100 has-global-padding is-layout-constrained wp-block-group-is-layout-constrained\" style=\"margin-top:var(--wp--preset--spacing--30);margin-bottom:var(--wp--preset--spacing--30)\">\n<hr class=\"wp-block-separator has-alpha-channel-opacity is-style-wide\"\/>\n<\/div>\n\n\n\n<hr class=\"wp-block-separator has-alpha-channel-opacity is-style-wide\"\/>\n\n\n\n<div class=\"wp-block-columns w-100 is-layout-flex wp-container-core-columns-is-layout-1 wp-block-columns-is-layout-flex\" style=\"margin-bottom:var(--wp--preset--spacing--50)\">\n<div class=\"wp-block-column w-100 is-layout-flow wp-block-column-is-layout-flow\">\n<p class=\"has-medium-font-size\" id=\"instrucciones-postulacion\"><strong>Instrucciones para postular<\/strong><\/p>\n\n\n\n<ol class=\"wp-block-list\">\n<li class=\"has-small-font-size\">Ingresar al link de postulaci\u00f3n haciendo <a href=\"http:\/\/condor2.utalca.cl\/pls\/postgr_ve\/pkg_postg_postulaciones.pantalla_postulacion_postgrado?p_prog_id=154\" title=\"Link de postulation\">click aqu\u00ed<\/a>.<\/li>\n\n\n\n<li class=\"has-small-font-size\">En el sistema podr\u00e1 ingresar su <strong>RUT<\/strong> o su n\u00famero de <strong>Pasaporte<\/strong>.<\/li>\n\n\n\n<li class=\"has-small-font-size\">Autom\u00e1ticamente el sistema reconocer\u00e1 su informaci\u00f3n (se recomienda ingresar su n\u00famero telef\u00f3nico para un contacto m\u00e1s r\u00e1pido).\n<ul class=\"wp-block-list\">\n<li>Si es primera vez que postula: Por favor, ingresar la informaci\u00f3n personal que se solicite.<\/li>\n\n\n\n<li>Si ya est\u00e1 registrado en el sistema: Por favor, utilice la opci\u00f3n &#8220;Actualizar postulaci\u00f3n&#8221;.<\/li>\n<\/ul>\n<\/li>\n\n\n\n<li class=\"has-small-font-size\">Luego, debe ingresar en el sistema sus antecedentes de ense\u00f1anza superior, es decir, estudios de pregrado (Ingenier\u00eda en &#8230;) y postgrado (magister o doctorado).<\/li>\n\n\n\n<li class=\"has-small-font-size\">Se le solicitar\u00e1 adjuntar 4 documentos:\n<ul class=\"wp-block-list\">\n<li>RUT (c\u00e9dula de identidad) o Pasaporte.<\/li>\n\n\n\n<li>Certificado de grado o t\u00edtulo (el de mayor grado o nivel).<\/li>\n\n\n\n<li>Curriculum Vitae.<\/li>\n\n\n\n<li>Cartas de recomendaci\u00f3n <strong>(adjuntar un solo archivo)<\/strong>.<\/li>\n<\/ul>\n<\/li>\n\n\n\n<li class=\"has-small-font-size\">Una vez adjuntados los documentos, hacer click en &#8220;Continuar&#8221;.<\/li>\n\n\n\n<li class=\"has-small-font-size\">Si lleg\u00f3 hasta aqu\u00ed satisfactoriamente, deber\u00eda ver informaci\u00f3n sobre las modalidades de pago. Se recomienda descargar y leer dichos documentos.<\/li>\n\n\n\n<li class=\"has-small-font-size\">Ya terminando, haga click en &#8220;Enviar Solicitud&#8221;, esto formalizar\u00e1 su postulaci\u00f3n a nuestro programa Doctorado en Sistemas de Ingenier\u00eda.<\/li>\n\n\n\n<li class=\"has-small-font-size\">Para finalizar su postulaci\u00f3n, se debe enviar un email a Catalina Ardiles (<a href=\"mailto:catalina.ardiles@utalca.cl\">catalina.ardiles@utalca.cl<\/a>) y adjuntar los 9 documentos indicados en esta p\u00e1gina (ver Documentos para Postular) en un solo documento comprimido. La asistente del programa se pondr\u00e1 en contacto con usted para coordinar la entrevista personal, la cual se realizar\u00e1 durante el mes de diciembre de este a\u00f1o 2025 en la Facultad de Ingenier\u00eda de la Universidad de Talca (ubicada en la ciudad de Curic\u00f3, Chile). Los postulantes extranjeros podr\u00e1n realizar la entrevista por videoconferencia.<\/li>\n<\/ol>\n\n\n\n<p class=\"has-small-font-size\"><em>Nota: Para comprimir todos los documentos en un solo archivo comprimido, se recomienda usar <strong><a href=\"https:\/\/pdfjoiner.com\" data-type=\"link\" data-id=\"https:\/\/pdfjoiner.com\">PDFJoiner<\/a><\/strong> o <strong><a href=\"https:\/\/www.ilovepdf.com\/merge_pdf\" data-type=\"link\" data-id=\"https:\/\/www.ilovepdf.com\/merge_pdf\">ILovePDF<\/a><\/strong>.<\/em><\/p>\n\n\n\n<hr class=\"wp-block-separator has-alpha-channel-opacity is-style-wide\" style=\"margin-top:var(--wp--preset--spacing--40);margin-bottom:var(--wp--preset--spacing--40)\"\/>\n\n\n\n<p class=\"has-text-align-center\" id=\"formulario-consultas\" style=\"font-size:clamp(17.905px, 1.119rem + ((1vw - 3.2px) * 1.052), 28px);\"><strong>Formulario para consultas<\/strong><\/p>\n\n\n\n<p class=\"has-text-align-center\">Si tienes dudas, completa el siguiente formulario<br>o env\u00edanos un email a <a href=\"mailto:catalina.ardiles@utalca.cl\" target=\"_blank\" rel=\"noopener\" title=\"\">catalina.ardiles@utalca.cl<\/a><\/p>\n\n\n<noscript class=\"ninja-forms-noscript-message\">\n\tNotice: JavaScript is required for this content.<\/noscript>\n<div id=\"nf-form-1-cont\" class=\"nf-form-cont\" aria-live=\"polite\" aria-labelledby=\"nf-form-title-1\" aria-describedby=\"nf-form-errors-1\" role=\"form\">\n\n    <div class=\"nf-loading-spinner\"><\/div>\n\n<\/div>\n        <!-- That data is being printed as a workaround to page builders reordering the order of the scripts loaded-->\n        <script>var formDisplay=1;var nfForms=nfForms||[];var form=[];form.id='1';form.settings={\"objectType\":\"Form Setting\",\"editActive\":true,\"title\":\"\\u00a1Escr\\u00edbenos!\",\"key\":\"\",\"created_at\":\"2024-09-25 11:43:41\",\"default_label_pos\":\"above\",\"conditions\":[],\"show_title\":0,\"clear_complete\":\"1\",\"hide_complete\":\"1\",\"wrapper_class\":\"\",\"element_class\":\"\",\"add_submit\":\"1\",\"logged_in\":\"\",\"not_logged_in_msg\":\"\",\"sub_limit_number\":\"\",\"sub_limit_msg\":\"\",\"calculations\":[],\"formContentData\":[\"nombre_1727275488651\",\"correo_1727275494039\",\"escribe_tus_dudas_1727275500627\",\"enviar_1727276847770\"],\"container_styles_background-color\":\"\",\"container_styles_border\":\"\",\"container_styles_border-style\":\"\",\"container_styles_border-color\":\"\",\"container_styles_color\":\"\",\"container_styles_height\":\"\",\"container_styles_width\":\"\",\"container_styles_font-size\":\"\",\"container_styles_margin\":\"\",\"container_styles_padding\":\"\",\"container_styles_display\":\"\",\"container_styles_float\":\"\",\"container_styles_show_advanced_css\":\"0\",\"container_styles_advanced\":\"\",\"title_styles_background-color\":\"\",\"title_styles_border\":\"\",\"title_styles_border-style\":\"\",\"title_styles_border-color\":\"\",\"title_styles_color\":\"\",\"title_styles_height\":\"\",\"title_styles_width\":\"\",\"title_styles_font-size\":\"\",\"title_styles_margin\":\"\",\"title_styles_padding\":\"\",\"title_styles_display\":\"\",\"title_styles_float\":\"\",\"title_styles_show_advanced_css\":\"0\",\"title_styles_advanced\":\"\",\"row_styles_background-color\":\"\",\"row_styles_border\":\"\",\"row_styles_border-style\":\"\",\"row_styles_border-color\":\"\",\"row_styles_color\":\"\",\"row_styles_height\":\"\",\"row_styles_width\":\"\",\"row_styles_font-size\":\"\",\"row_styles_margin\":\"\",\"row_styles_padding\":\"\",\"row_styles_display\":\"\",\"row_styles_show_advanced_css\":\"0\",\"row_styles_advanced\":\"\",\"row-odd_styles_background-color\":\"\",\"row-odd_styles_border\":\"\",\"row-odd_styles_border-style\":\"\",\"row-odd_styles_border-color\":\"\",\"row-odd_styles_color\":\"\",\"row-odd_styles_height\":\"\",\"row-odd_styles_width\":\"\",\"row-odd_styles_font-size\":\"\",\"row-odd_styles_margin\":\"\",\"row-odd_styles_padding\":\"\",\"row-odd_styles_display\":\"\",\"row-odd_styles_show_advanced_css\":\"0\",\"row-odd_styles_advanced\":\"\",\"success-msg_styles_background-color\":\"\",\"success-msg_styles_border\":\"\",\"success-msg_styles_border-style\":\"\",\"success-msg_styles_border-color\":\"\",\"success-msg_styles_color\":\"\",\"success-msg_styles_height\":\"\",\"success-msg_styles_width\":\"\",\"success-msg_styles_font-size\":\"\",\"success-msg_styles_margin\":\"\",\"success-msg_styles_padding\":\"\",\"success-msg_styles_display\":\"\",\"success-msg_styles_show_advanced_css\":\"0\",\"success-msg_styles_advanced\":\"\",\"error_msg_styles_background-color\":\"\",\"error_msg_styles_border\":\"\",\"error_msg_styles_border-style\":\"\",\"error_msg_styles_border-color\":\"\",\"error_msg_styles_color\":\"\",\"error_msg_styles_height\":\"\",\"error_msg_styles_width\":\"\",\"error_msg_styles_font-size\":\"\",\"error_msg_styles_margin\":\"\",\"error_msg_styles_padding\":\"\",\"error_msg_styles_display\":\"\",\"error_msg_styles_show_advanced_css\":\"0\",\"error_msg_styles_advanced\":\"\",\"allow_public_link\":0,\"embed_form\":\"\",\"form_title_heading_level\":\"3\",\"changeEmailErrorMsg\":\"Please enter a valid email address!\",\"changeDateErrorMsg\":\"Please enter a valid date!\",\"confirmFieldErrorMsg\":\"These fields must match!\",\"fieldNumberNumMinError\":\"Number Min Error\",\"fieldNumberNumMaxError\":\"Number Max Error\",\"fieldNumberIncrementBy\":\"Please increment by \",\"formErrorsCorrectErrors\":\"Please correct errors before submitting this form.\",\"validateRequiredField\":\"This is a required field.\",\"honeypotHoneypotError\":\"Honeypot Error\",\"fieldsMarkedRequired\":\"Fields marked with an <span class=\\\"ninja-forms-req-symbol\\\">*<\\\/span> are required\",\"currency\":\"\",\"unique_field_error\":\"A form with this value has already been submitted.\",\"objectDomain\":\"display\",\"drawerDisabled\":false,\"ninjaForms\":\"Ninja Forms\",\"fieldTextareaRTEInsertLink\":\"Insert Link\",\"fieldTextareaRTEInsertMedia\":\"Insert Media\",\"fieldTextareaRTESelectAFile\":\"Select a file\",\"formHoneypot\":\"If you are a human seeing this field, please leave it empty.\",\"fileUploadOldCodeFileUploadInProgress\":\"File Upload in Progress.\",\"fileUploadOldCodeFileUpload\":\"FILE UPLOAD\",\"currencySymbol\":false,\"thousands_sep\":\",\",\"decimal_point\":\".\",\"siteLocale\":\"es_CL\",\"dateFormat\":\"m\\\/d\\\/Y\",\"startOfWeek\":\"1\",\"of\":\"of\",\"previousMonth\":\"Previous Month\",\"nextMonth\":\"Next Month\",\"months\":[\"January\",\"February\",\"March\",\"April\",\"May\",\"June\",\"July\",\"August\",\"September\",\"October\",\"November\",\"December\"],\"monthsShort\":[\"Jan\",\"Feb\",\"Mar\",\"Apr\",\"May\",\"Jun\",\"Jul\",\"Aug\",\"Sep\",\"Oct\",\"Nov\",\"Dec\"],\"weekdays\":[\"Sunday\",\"Monday\",\"Tuesday\",\"Wednesday\",\"Thursday\",\"Friday\",\"Saturday\"],\"weekdaysShort\":[\"Sun\",\"Mon\",\"Tue\",\"Wed\",\"Thu\",\"Fri\",\"Sat\"],\"weekdaysMin\":[\"Su\",\"Mo\",\"Tu\",\"We\",\"Th\",\"Fr\",\"Sa\"],\"recaptchaConsentMissing\":\"reCaptcha validation couldn&#039;t load.\",\"recaptchaMissingCookie\":\"reCaptcha v3 validation couldn&#039;t load the cookie needed to submit the form.\",\"recaptchaConsentEvent\":\"Accept reCaptcha cookies before sending the form.\",\"currency_symbol\":\"\",\"beforeForm\":\"\",\"beforeFields\":\"\",\"afterFields\":\"\",\"afterForm\":\"\"};form.fields=[{\"objectType\":\"Field\",\"objectDomain\":\"fields\",\"editActive\":false,\"order\":1,\"idAttribute\":\"id\",\"label\":\"Nombre\",\"key\":\"nombre_1727275488651\",\"type\":\"textbox\",\"created_at\":\"2024-09-25 11:43:47\",\"label_pos\":\"above\",\"required\":1,\"placeholder\":\"\",\"default\":\"\",\"wrapper_class\":\"\",\"element_class\":\"\",\"container_class\":\"\",\"input_limit\":\"\",\"input_limit_type\":\"characters\",\"input_limit_msg\":\"Character(s) left\",\"manual_key\":\"\",\"disable_input\":\"\",\"admin_label\":\"\",\"help_text\":\"\",\"desc_text\":\"\",\"disable_browser_autocomplete\":\"\",\"mask\":\"\",\"custom_mask\":\"\",\"wrap_styles_background-color\":\"\",\"wrap_styles_border\":\"\",\"wrap_styles_border-style\":\"\",\"wrap_styles_border-color\":\"\",\"wrap_styles_color\":\"\",\"wrap_styles_height\":\"\",\"wrap_styles_width\":\"\",\"wrap_styles_font-size\":\"\",\"wrap_styles_margin\":\"\",\"wrap_styles_padding\":\"\",\"wrap_styles_display\":\"\",\"wrap_styles_float\":\"\",\"wrap_styles_show_advanced_css\":0,\"wrap_styles_advanced\":\"\",\"label_styles_background-color\":\"\",\"label_styles_border\":\"\",\"label_styles_border-style\":\"\",\"label_styles_border-color\":\"\",\"label_styles_color\":\"\",\"label_styles_height\":\"\",\"label_styles_width\":\"\",\"label_styles_font-size\":\"\",\"label_styles_margin\":\"\",\"label_styles_padding\":\"\",\"label_styles_display\":\"\",\"label_styles_float\":\"\",\"label_styles_show_advanced_css\":0,\"label_styles_advanced\":\"\",\"element_styles_background-color\":\"\",\"element_styles_border\":\"\",\"element_styles_border-style\":\"\",\"element_styles_border-color\":\"\",\"element_styles_color\":\"\",\"element_styles_height\":\"\",\"element_styles_width\":\"\",\"element_styles_font-size\":\"\",\"element_styles_margin\":\"\",\"element_styles_padding\":\"\",\"element_styles_display\":\"\",\"element_styles_float\":\"\",\"element_styles_show_advanced_css\":0,\"element_styles_advanced\":\"\",\"cellcid\":\"c3277\",\"custom_name_attribute\":\"\",\"personally_identifiable\":\"\",\"value\":\"\",\"id\":1,\"beforeField\":\"\",\"afterField\":\"\",\"parentType\":\"textbox\",\"element_templates\":[\"textbox\",\"input\"],\"old_classname\":\"\",\"wrap_template\":\"wrap\"},{\"objectType\":\"Field\",\"objectDomain\":\"fields\",\"editActive\":false,\"order\":2,\"idAttribute\":\"id\",\"label\":\"Correo\",\"key\":\"correo_1727275494039\",\"type\":\"email\",\"created_at\":\"2024-09-25 11:43:51\",\"label_pos\":\"above\",\"required\":1,\"placeholder\":\"\",\"default\":\"\",\"wrapper_class\":\"\",\"element_class\":\"\",\"container_class\":\"\",\"admin_label\":\"\",\"help_text\":\"\",\"desc_text\":\"\",\"wrap_styles_background-color\":\"\",\"wrap_styles_border\":\"\",\"wrap_styles_border-style\":\"\",\"wrap_styles_border-color\":\"\",\"wrap_styles_color\":\"\",\"wrap_styles_height\":\"\",\"wrap_styles_width\":\"\",\"wrap_styles_font-size\":\"\",\"wrap_styles_margin\":\"\",\"wrap_styles_padding\":\"\",\"wrap_styles_display\":\"\",\"wrap_styles_float\":\"\",\"wrap_styles_show_advanced_css\":0,\"wrap_styles_advanced\":\"\",\"label_styles_background-color\":\"\",\"label_styles_border\":\"\",\"label_styles_border-style\":\"\",\"label_styles_border-color\":\"\",\"label_styles_color\":\"\",\"label_styles_height\":\"\",\"label_styles_width\":\"\",\"label_styles_font-size\":\"\",\"label_styles_margin\":\"\",\"label_styles_padding\":\"\",\"label_styles_display\":\"\",\"label_styles_float\":\"\",\"label_styles_show_advanced_css\":0,\"label_styles_advanced\":\"\",\"element_styles_background-color\":\"\",\"element_styles_border\":\"\",\"element_styles_border-style\":\"\",\"element_styles_border-color\":\"\",\"element_styles_color\":\"\",\"element_styles_height\":\"\",\"element_styles_width\":\"\",\"element_styles_font-size\":\"\",\"element_styles_margin\":\"\",\"element_styles_padding\":\"\",\"element_styles_display\":\"\",\"element_styles_float\":\"\",\"element_styles_show_advanced_css\":0,\"element_styles_advanced\":\"\",\"cellcid\":\"c3281\",\"custom_name_attribute\":\"email\",\"personally_identifiable\":1,\"value\":\"\",\"id\":2,\"beforeField\":\"\",\"afterField\":\"\",\"parentType\":\"email\",\"element_templates\":[\"email\",\"input\"],\"old_classname\":\"\",\"wrap_template\":\"wrap\"},{\"objectType\":\"Field\",\"objectDomain\":\"fields\",\"editActive\":false,\"order\":3,\"idAttribute\":\"id\",\"label\":\"Escribe tus dudas\",\"type\":\"textarea\",\"key\":\"escribe_tus_dudas_1727275500627\",\"label_pos\":\"above\",\"required\":1,\"default\":\"\",\"placeholder\":\"\",\"container_class\":\"\",\"element_class\":\"\",\"input_limit\":\"\",\"input_limit_type\":\"characters\",\"input_limit_msg\":\"Character(s) left\",\"manual_key\":false,\"admin_label\":\"\",\"help_text\":\"\",\"textarea_rte\":\"\",\"disable_rte_mobile\":\"\",\"textarea_media\":\"\",\"value\":\"\",\"drawerDisabled\":false,\"id\":5,\"beforeField\":\"\",\"afterField\":\"\",\"parentType\":\"textarea\",\"element_templates\":[\"textarea\",\"input\"],\"old_classname\":\"\",\"wrap_template\":\"wrap\"},{\"objectType\":\"Field\",\"objectDomain\":\"fields\",\"editActive\":false,\"order\":4,\"idAttribute\":\"id\",\"label\":\"Enviar\",\"key\":\"enviar_1727276847770\",\"type\":\"submit\",\"created_at\":\"2024-09-25 11:43:59\",\"processing_label\":\"Enviando...\",\"container_class\":\"\",\"element_class\":\"\",\"wrap_styles_background-color\":\"\",\"wrap_styles_border\":\"\",\"wrap_styles_border-style\":\"\",\"wrap_styles_border-color\":\"\",\"wrap_styles_color\":\"\",\"wrap_styles_height\":\"\",\"wrap_styles_width\":\"\",\"wrap_styles_font-size\":\"\",\"wrap_styles_margin\":\"\",\"wrap_styles_padding\":\"\",\"wrap_styles_display\":\"\",\"wrap_styles_float\":\"\",\"wrap_styles_show_advanced_css\":0,\"wrap_styles_advanced\":\"\",\"label_styles_background-color\":\"\",\"label_styles_border\":\"\",\"label_styles_border-style\":\"\",\"label_styles_border-color\":\"\",\"label_styles_color\":\"\",\"label_styles_height\":\"\",\"label_styles_width\":\"\",\"label_styles_font-size\":\"\",\"label_styles_margin\":\"\",\"label_styles_padding\":\"\",\"label_styles_display\":\"\",\"label_styles_float\":\"\",\"label_styles_show_advanced_css\":0,\"label_styles_advanced\":\"\",\"element_styles_background-color\":\"\",\"element_styles_border\":\"\",\"element_styles_border-style\":\"\",\"element_styles_border-color\":\"\",\"element_styles_color\":\"\",\"element_styles_height\":\"\",\"element_styles_width\":\"\",\"element_styles_font-size\":\"\",\"element_styles_margin\":\"\",\"element_styles_padding\":\"\",\"element_styles_display\":\"\",\"element_styles_float\":\"\",\"element_styles_show_advanced_css\":0,\"element_styles_advanced\":\"\",\"submit_element_hover_styles_background-color\":\"\",\"submit_element_hover_styles_border\":\"\",\"submit_element_hover_styles_border-style\":\"\",\"submit_element_hover_styles_border-color\":\"\",\"submit_element_hover_styles_color\":\"\",\"submit_element_hover_styles_height\":\"\",\"submit_element_hover_styles_width\":\"\",\"submit_element_hover_styles_font-size\":\"\",\"submit_element_hover_styles_margin\":\"\",\"submit_element_hover_styles_padding\":\"\",\"submit_element_hover_styles_display\":\"\",\"submit_element_hover_styles_float\":\"\",\"submit_element_hover_styles_show_advanced_css\":0,\"submit_element_hover_styles_advanced\":\"\",\"cellcid\":\"c3287\",\"admin_label\":\"\",\"drawerDisabled\":false,\"id\":4,\"beforeField\":\"\",\"afterField\":\"\",\"value\":\"\",\"label_pos\":\"above\",\"parentType\":\"textbox\",\"element_templates\":[\"submit\",\"button\",\"input\"],\"old_classname\":\"\",\"wrap_template\":\"wrap-no-label\"}];nfForms.push(form);<\/script>\n        \n<\/div>\n<\/div>\n<\/div>\n\n\n\n<p><\/p>\n","protected":false},"excerpt":{"rendered":"<p>Informaci\u00f3n general: Requisitos de Postulaci\u00f3n: Los requisitos para postular al Doctorado en Sistemas de Ingenier\u00eda son: Importante: Quienes postulen a doble graduaci\u00f3n o cotutela deber\u00e1n cumplir con los requisitos exigidos por la Universidad de Talca y la Universidad de contraparte. Documentos para Postular: Instrucciones para postular Nota: Para comprimir todos los documentos en un solo [&hellip;]<\/p>\n","protected":false},"author":1,"featured_media":0,"parent":0,"menu_order":0,"comment_status":"closed","ping_status":"closed","template":"","meta":{"om_disable_all_campaigns":false,"_monsterinsights_skip_tracking":false,"_monsterinsights_sitenote_active":false,"_monsterinsights_sitenote_note":"","_monsterinsights_sitenote_category":0,"_uf_show_specific_survey":0,"_uf_disable_surveys":false,"footnotes":""},"class_list":["post-231","page","type-page","status-publish","hentry"],"aioseo_notices":[],"_links":{"self":[{"href":"https:\/\/dsi.utalca.cl\/index.php\/wp-json\/wp\/v2\/pages\/231","targetHints":{"allow":["GET"]}}],"collection":[{"href":"https:\/\/dsi.utalca.cl\/index.php\/wp-json\/wp\/v2\/pages"}],"about":[{"href":"https:\/\/dsi.utalca.cl\/index.php\/wp-json\/wp\/v2\/types\/page"}],"author":[{"embeddable":true,"href":"https:\/\/dsi.utalca.cl\/index.php\/wp-json\/wp\/v2\/users\/1"}],"replies":[{"embeddable":true,"href":"https:\/\/dsi.utalca.cl\/index.php\/wp-json\/wp\/v2\/comments?post=231"}],"version-history":[{"count":43,"href":"https:\/\/dsi.utalca.cl\/index.php\/wp-json\/wp\/v2\/pages\/231\/revisions"}],"predecessor-version":[{"id":605,"href":"https:\/\/dsi.utalca.cl\/index.php\/wp-json\/wp\/v2\/pages\/231\/revisions\/605"}],"wp:attachment":[{"href":"https:\/\/dsi.utalca.cl\/index.php\/wp-json\/wp\/v2\/media?parent=231"}],"curies":[{"name":"wp","href":"https:\/\/api.w.org\/{rel}","templated":true}]}}