{"id":230,"date":"2024-04-29T18:51:44","date_gmt":"2024-04-29T21:51:44","guid":{"rendered":"http:\/\/172.17.24.164\/?page_id=55"},"modified":"2024-04-29T18:51:44","modified_gmt":"2024-04-29T21:51:44","slug":"perfildeegreso","status":"publish","type":"page","link":"https:\/\/dsi.utalca.cl\/index.php\/perfildeegreso\/","title":{"rendered":"Perfil de Egreso"},"content":{"rendered":"\n<div class=\"wp-block-group h-60 is-vertical is-layout-flex wp-container-core-group-is-layout-1 wp-block-group-is-layout-flex\"><h2 style=\"font-style:normal;font-weight:700;\" class=\"wp-block-post-title has-large-font-size has-system-sans-serif-font-family\">Perfil de Egreso<\/h2>\n\n\n<p class=\"has-small-font-size\">El Doctor en Sistemas de Ingenier\u00eda de la Universidad de Talca ser\u00e1 capaz de:<\/p>\n\n\n\n<ul class=\"wp-block-list\">\n<li class=\"has-small-font-size\">Aplicar conocimientos y habilidades relacionados con la optimizaci\u00f3n de productos, procesos y servicios en sistemas de ingenier\u00eda, en alguna de sus \u00e1reas de especializaci\u00f3n: sistemas de energ\u00eda, sistemas de simulaci\u00f3n computacional y\/o sistemas complejos en gesti\u00f3n de operaciones, para contribuir al desarrollo cient\u00edfico e industrial a nivel nacional e internacional.<\/li>\n\n\n\n<li class=\"has-small-font-size\">Dise\u00f1ar y ejecutar proyectos de investigaci\u00f3n, conforme a est\u00e1ndares cient\u00edficos en el \u00e1rea, que propongan soluciones creativas e innovadoras a problemas complejos en el \u00e1mbito de las Ciencias de la Ingenier\u00eda.<\/li>\n\n\n\n<li class=\"has-small-font-size\">Aplicar procedimientos de divulgaci\u00f3n cient\u00edfica y acad\u00e9mica con el prop\u00f3sito de transferir conocimiento a la comunidad derivado de sus resultados y avances de investigaci\u00f3n.<\/li>\n\n\n\n<li class=\"has-small-font-size\">Participar en equipos multidisciplinarios, nacionales e internacionales, con el objetivo de contribuir al avance cient\u00edfico en el \u00e1rea.<\/li>\n\n\n\n<li class=\"has-small-font-size\">Contribuir a la formaci\u00f3n de personal especializado de investigaci\u00f3n, aportando al desarrollo de los centros de investigaci\u00f3n e instituciones de educaci\u00f3n superior.<\/li>\n<\/ul>\n<\/div>\n","protected":false},"excerpt":{"rendered":"<p>El Doctor en Sistemas de Ingenier\u00eda de la Universidad de Talca ser\u00e1 capaz de:<\/p>\n","protected":false},"author":1,"featured_media":0,"parent":0,"menu_order":0,"comment_status":"closed","ping_status":"closed","template":"","meta":{"om_disable_all_campaigns":false,"_monsterinsights_skip_tracking":false,"_monsterinsights_sitenote_active":false,"_monsterinsights_sitenote_note":"","_monsterinsights_sitenote_category":0,"_uf_show_specific_survey":0,"_uf_disable_surveys":false,"footnotes":""},"class_list":["post-230","page","type-page","status-publish","hentry"],"aioseo_notices":[],"_links":{"self":[{"href":"https:\/\/dsi.utalca.cl\/index.php\/wp-json\/wp\/v2\/pages\/230","targetHints":{"allow":["GET"]}}],"collection":[{"href":"https:\/\/dsi.utalca.cl\/index.php\/wp-json\/wp\/v2\/pages"}],"about":[{"href":"https:\/\/dsi.utalca.cl\/index.php\/wp-json\/wp\/v2\/types\/page"}],"author":[{"embeddable":true,"href":"https:\/\/dsi.utalca.cl\/index.php\/wp-json\/wp\/v2\/users\/1"}],"replies":[{"embeddable":true,"href":"https:\/\/dsi.utalca.cl\/index.php\/wp-json\/wp\/v2\/comments?post=230"}],"version-history":[{"count":0,"href":"https:\/\/dsi.utalca.cl\/index.php\/wp-json\/wp\/v2\/pages\/230\/revisions"}],"wp:attachment":[{"href":"https:\/\/dsi.utalca.cl\/index.php\/wp-json\/wp\/v2\/media?parent=230"}],"curies":[{"name":"wp","href":"https:\/\/api.w.org\/{rel}","templated":true}]}}