{"id":227,"date":"2024-04-27T19:56:12","date_gmt":"2024-04-27T22:56:12","guid":{"rendered":"http:\/\/172.17.24.164\/?page_id=24"},"modified":"2024-04-27T19:56:12","modified_gmt":"2024-04-27T22:56:12","slug":"descripcion","status":"publish","type":"page","link":"https:\/\/dsi.utalca.cl\/index.php\/descripcion\/","title":{"rendered":"Descripci\u00f3n"},"content":{"rendered":"\n<div class=\"wp-block-group h-60 is-vertical is-layout-flex wp-container-core-group-is-layout-1 wp-block-group-is-layout-flex\"><h2 style=\"font-style:normal;font-weight:700;\" class=\"wp-block-post-title has-large-font-size has-system-sans-serif-font-family\">Descripci\u00f3n<\/h2>\n\n\n<p class=\"has-small-font-size\">El prop\u00f3sito del Doctorado en Sistemas de Ingenier\u00eda es dotar a los futuros investigadores de los conocimientos, habilidades y experiencia necesaria para desarrollar investigaci\u00f3n e innovaci\u00f3n avanzada e interdisciplinaria en \u00e1reas de las Ciencias de la Ingenier\u00eda, relacionadas con sistemas de energ\u00eda, sistemas de simulaci\u00f3n computacional y\/o sistemas complejos de gesti\u00f3n de operaciones. Los graduados del Programa ser\u00e1n capaces de desarrollar investigaci\u00f3n aut\u00f3noma, participar activamente en el desarrollo industrial, transferir conocimiento a la comunidad y contribuir a la formaci\u00f3n de profesionales a nivel superior. El Doctorado en Sistemas de Ingenier\u00eda contempla las opciones de:<\/p>\n\n\n\n<ul class=\"wp-block-list\">\n<li class=\"has-small-font-size\">Cotutela con otras universidades nacionales o internacionales.<\/li>\n\n\n\n<li class=\"has-small-font-size\">Doble graduaci\u00f3n con la Universidad de Nottingham, Inglaterra.<\/li>\n<\/ul>\n<\/div>\n","protected":false},"excerpt":{"rendered":"<p>El prop\u00f3sito del Doctorado en Sistemas de Ingenier\u00eda es dotar a los futuros investigadores de los conocimientos, habilidades y experiencia necesaria para desarrollar investigaci\u00f3n e innovaci\u00f3n avanzada e interdisciplinaria en \u00e1reas de las Ciencias de la Ingenier\u00eda, relacionadas con sistemas de energ\u00eda, sistemas de simulaci\u00f3n computacional y\/o sistemas complejos de gesti\u00f3n de operaciones. Los graduados [&hellip;]<\/p>\n","protected":false},"author":1,"featured_media":0,"parent":0,"menu_order":0,"comment_status":"closed","ping_status":"closed","template":"","meta":{"om_disable_all_campaigns":false,"_monsterinsights_skip_tracking":false,"_monsterinsights_sitenote_active":false,"_monsterinsights_sitenote_note":"","_monsterinsights_sitenote_category":0,"_uf_show_specific_survey":0,"_uf_disable_surveys":false,"footnotes":""},"class_list":["post-227","page","type-page","status-publish","hentry"],"aioseo_notices":[],"_links":{"self":[{"href":"https:\/\/dsi.utalca.cl\/index.php\/wp-json\/wp\/v2\/pages\/227","targetHints":{"allow":["GET"]}}],"collection":[{"href":"https:\/\/dsi.utalca.cl\/index.php\/wp-json\/wp\/v2\/pages"}],"about":[{"href":"https:\/\/dsi.utalca.cl\/index.php\/wp-json\/wp\/v2\/types\/page"}],"author":[{"embeddable":true,"href":"https:\/\/dsi.utalca.cl\/index.php\/wp-json\/wp\/v2\/users\/1"}],"replies":[{"embeddable":true,"href":"https:\/\/dsi.utalca.cl\/index.php\/wp-json\/wp\/v2\/comments?post=227"}],"version-history":[{"count":0,"href":"https:\/\/dsi.utalca.cl\/index.php\/wp-json\/wp\/v2\/pages\/227\/revisions"}],"wp:attachment":[{"href":"https:\/\/dsi.utalca.cl\/index.php\/wp-json\/wp\/v2\/media?parent=227"}],"curies":[{"name":"wp","href":"https:\/\/api.w.org\/{rel}","templated":true}]}}