{"id":106,"date":"2024-04-30T10:16:52","date_gmt":"2024-04-30T13:16:52","guid":{"rendered":"http:\/\/172.17.24.164\/?page_id=106"},"modified":"2024-09-25T12:31:23","modified_gmt":"2024-09-25T15:31:23","slug":"home","status":"publish","type":"page","link":"https:\/\/dsi.utalca.cl\/","title":{"rendered":"Home"},"content":{"rendered":"\n<div class=\"alignnormal\"><div id=\"metaslider-id-267\" style=\"max-width: 1280px; margin: 0 auto;\" class=\"ml-slider-3-90-1 metaslider metaslider-flex metaslider-267 ml-slider w-100 ms-theme-cubic has-dots-nav\" role=\"region\" aria-roledescription=\"Slideshow\" aria-label=\"Landing Slides\">\n    <div id=\"metaslider_container_267\">\n        <div id=\"metaslider_267\">\n            <ul class='slides'>\n                <li style=\"display: block; width: 100%;\" class=\"slide-268 ms-image \" aria-roledescription=\"slide\" aria-label=\"slide-268\"><img decoding=\"async\" src=\"https:\/\/dsi.utalca.cl\/wp-content\/uploads\/2024\/07\/slider-1-1280x624.png\" width=\"1280\" alt=\"\" class=\"slider-267 slide-268\" title=\"slider-1\" \/><div class=\"caption-wrap\"><div class=\"caption\"><div>\n<div><strong>Nos enfocamos en formar especialistas de alto nivel capacitados para desarrollar investigaci\u00f3n avanzada e innovaci\u00f3n en \u00e1reas de las Ciencias de la Ingenier\u00eda<\/strong><\/div>\n<\/div><\/div><\/div><\/li>\n                <li style=\"display: none; width: 100%;\" class=\"slide-269 ms-image \" aria-roledescription=\"slide\" aria-label=\"slide-269\"><img decoding=\"async\" src=\"https:\/\/dsi.utalca.cl\/wp-content\/uploads\/2024\/07\/slider-2-1280x624.png\" width=\"1280\" alt=\"\" class=\"slider-267 slide-269\" title=\"slider-2\" \/><div class=\"caption-wrap\"><div class=\"caption\"><div>\n<div><strong>Nuestro prop\u00f3sito es dotar a los futuros investigadores de los conocimientos, habilidades y experiencia necesaria para desarrollar investigaci\u00f3n e innovaci\u00f3n avanzada e interdisciplinaria en \u00e1reas de las Ciencias de la Ingenier\u00eda<\/strong><\/div>\n<\/div><\/div><\/div><\/li>\n                <li style=\"display: none; width: 100%;\" class=\"slide-270 ms-image \" aria-roledescription=\"slide\" aria-label=\"slide-270\"><img decoding=\"async\" src=\"https:\/\/dsi.utalca.cl\/wp-content\/uploads\/2024\/07\/slider-4-1280x624.png\" width=\"1280\" alt=\"\" class=\"slider-267 slide-270\" title=\"slider-4\" \/><div class=\"caption-wrap\"><div class=\"caption\"><div>\n<div><strong>Poseemos convenio para optar a un doble grado y oportunidades de cotutela con universidades extranjeras<\/strong><\/div>\n<\/div><\/div><\/div><\/li>\n                <li style=\"display: none; width: 100%;\" class=\"slide-271 ms-image \" aria-roledescription=\"slide\" aria-label=\"slide-271\"><a href=\"http:\/\/condor2.utalca.cl\/pls\/postgr_ve\/pkg_postg_postulaciones.pantalla_post_online?p_prog_id=154\" target=\"_blank\"><img decoding=\"async\" src=\"https:\/\/dsi.utalca.cl\/wp-content\/uploads\/2024\/07\/slider-5-1280x624.png\" width=\"1280\" alt=\"\" class=\"slider-267 slide-271\" title=\"slider-5\" \/><\/a><div class=\"caption-wrap\"><div class=\"caption\"><div>\n<div><strong>\u00a1Si quieres postular haz click en la imagen!<\/strong><\/div>\n<\/div><\/div><\/div><\/li>\n            <\/ul>\n        <\/div>\n        \n    <\/div>\n<\/div><\/div>\n\n\n\n<div class=\"wp-block-group h-60 is-vertical is-layout-flex wp-container-core-group-is-layout-4 wp-block-group-is-layout-flex\" style=\"margin-bottom:var(--wp--preset--spacing--30)\">\n<p class=\"has-text-align-center w-100 text-color has-large-font-size\" style=\"margin-top:var(--wp--preset--spacing--40);margin-bottom:var(--wp--preset--spacing--20)\"><strong>Aspectos Generales<\/strong><\/p>\n\n\n\n<div class=\"wp-block-columns is-layout-flex wp-container-core-columns-is-layout-1 wp-block-columns-is-layout-flex\" style=\"margin-bottom:var(--wp--preset--spacing--30)\">\n<div class=\"wp-block-column is-layout-flow wp-block-column-is-layout-flow\">\n<div class=\"wp-block-group is-vertical is-content-justification-center is-layout-flex wp-container-core-group-is-layout-1 wp-block-group-is-layout-flex\">\n<figure class=\"wp-block-image size-full is-resized\"><img loading=\"lazy\" decoding=\"async\" width=\"251\" height=\"194\" src=\"http:\/\/dsi.utalca.cl\/wp-content\/uploads\/2024\/08\/Logo_CNA.png\" alt=\"\" class=\"wp-image-343\" style=\"width:103px\"\/><\/figure>\n\n\n\n<p class=\"has-text-align-center w-100 text-color has-medium-font-size\"><strong>ACREDITADO<\/strong><\/p>\n\n\n\n<p class=\"has-text-align-center w-100 has-system-sans-serif-font-family has-small-font-size\" style=\"font-style:normal;font-weight:300\">Este programa de doctorado est\u00e1 acreditado hasta febrero del 2029 por la CNA<\/p>\n\n\n\n<div style=\"height:17px\" aria-hidden=\"true\" class=\"wp-block-spacer wp-container-content-1\"><\/div>\n\n\n\n<div class=\"wp-block-buttons is-layout-flex wp-block-buttons-is-layout-flex\">\n<div class=\"wp-block-button has-custom-width wp-block-button__width-100 has-custom-font-size is-style-fill see-more-btn has-small-font-size\"><a class=\"wp-block-button__link has-background wp-element-button\" style=\"border-radius:5px;background:linear-gradient(135deg,rgb(244,67,54) 0%,rgb(244,67,54) 100%);box-shadow:var(--wp--preset--shadow--natural)\">Ver m\u00e1s<\/a><\/div>\n<\/div>\n<\/div>\n<\/div>\n\n\n\n<div class=\"wp-block-column is-layout-flow wp-block-column-is-layout-flow\">\n<div class=\"wp-block-group is-vertical is-content-justification-center is-layout-flex wp-container-core-group-is-layout-2 wp-block-group-is-layout-flex\">\n<figure class=\"wp-block-image size-full is-resized\"><img loading=\"lazy\" decoding=\"async\" width=\"640\" height=\"640\" src=\"http:\/\/dsi.utalca.cl\/wp-content\/uploads\/2024\/08\/ICO_Three_Squares.png\" alt=\"\" class=\"wp-image-342\" style=\"width:80px\" srcset=\"https:\/\/dsi.utalca.cl\/wp-content\/uploads\/2024\/08\/ICO_Three_Squares.png 640w, https:\/\/dsi.utalca.cl\/wp-content\/uploads\/2024\/08\/ICO_Three_Squares-300x300.png 300w, https:\/\/dsi.utalca.cl\/wp-content\/uploads\/2024\/08\/ICO_Three_Squares-150x150.png 150w\" sizes=\"auto, (max-width: 640px) 100vw, 640px\" \/><\/figure>\n<\/div>\n\n\n\n<p class=\"has-text-align-center w-100 text-color has-medium-font-size\"><strong>3 L\u00cdNEAS DE INVESTIGACI\u00d3N<\/strong><\/p>\n\n\n\n<p class=\"has-text-align-center w-100 has-system-sans-serif-font-family has-small-font-size\" style=\"font-style:normal;font-weight:300\">Este programa posee 3 l\u00edneas de investigaci\u00f3n principales en las que te puedes desarrollar<\/p>\n\n\n\n<div style=\"height:17px\" aria-hidden=\"true\" class=\"wp-block-spacer\"><\/div>\n\n\n\n<div class=\"wp-block-buttons is-content-justification-center is-layout-flex wp-container-core-buttons-is-layout-2 wp-block-buttons-is-layout-flex\">\n<div class=\"wp-block-button is-style-fill see-more-btn\"><a class=\"wp-block-button__link has-background wp-element-button\" href=\"http:\/\/dsi.utalca.cl\/index.php\/lineasdeinvestigacion\/\" style=\"border-radius:5px;background:linear-gradient(135deg,rgb(244,67,54) 0%,rgb(244,67,54) 100%);box-shadow:var(--wp--preset--shadow--natural)\">Ver m\u00e1s<\/a><\/div>\n<\/div>\n<\/div>\n\n\n\n<div class=\"wp-block-column is-layout-flow wp-block-column-is-layout-flow\">\n<div class=\"wp-block-group is-vertical is-content-justification-center is-layout-flex wp-container-core-group-is-layout-3 wp-block-group-is-layout-flex\">\n<figure class=\"wp-block-image size-full is-resized\"><img loading=\"lazy\" decoding=\"async\" width=\"640\" height=\"640\" src=\"http:\/\/dsi.utalca.cl\/wp-content\/uploads\/2024\/08\/ICO_Letter.png\" alt=\"\" class=\"wp-image-341\" style=\"width:80px\" srcset=\"https:\/\/dsi.utalca.cl\/wp-content\/uploads\/2024\/08\/ICO_Letter.png 640w, https:\/\/dsi.utalca.cl\/wp-content\/uploads\/2024\/08\/ICO_Letter-300x300.png 300w, https:\/\/dsi.utalca.cl\/wp-content\/uploads\/2024\/08\/ICO_Letter-150x150.png 150w\" sizes=\"auto, (max-width: 640px) 100vw, 640px\" \/><\/figure>\n\n\n\n<p class=\"has-text-align-center w-100 text-color has-medium-font-size\"><strong>M\u00c1S INFORMACI\u00d3N<\/strong><\/p>\n<\/div>\n\n\n\n<p class=\"has-text-align-center w-100 has-system-sans-serif-font-family has-small-font-size\" style=\"font-style:normal;font-weight:300\">Escr\u00edbenos si necesitas m\u00e1s informaci\u00f3n o si tienes alguna duda sobre el programa<\/p>\n\n\n\n<div style=\"height:17px\" aria-hidden=\"true\" class=\"wp-block-spacer\"><\/div>\n\n\n\n<div class=\"wp-block-buttons is-content-justification-center is-layout-flex wp-container-core-buttons-is-layout-3 wp-block-buttons-is-layout-flex\">\n<div class=\"wp-block-button is-style-fill see-more-btn\"><a class=\"wp-block-button__link has-background wp-element-button\" href=\"http:\/\/dsi.utalca.cl\/index.php\/contacto\/\" style=\"border-radius:5px;background:linear-gradient(135deg,rgb(244,67,54) 0%,rgb(244,67,54) 100%);box-shadow:var(--wp--preset--shadow--natural)\">Ver m\u00e1s<\/a><\/div>\n<\/div>\n<\/div>\n<\/div>\n<\/div>\n","protected":false},"excerpt":{"rendered":"<p>Aspectos Generales ACREDITADO Este programa de doctorado est\u00e1 acreditado hasta febrero del 2029 por la CNA 3 L\u00cdNEAS DE INVESTIGACI\u00d3N Este programa posee 3 l\u00edneas de investigaci\u00f3n principales en las que te puedes desarrollar M\u00c1S INFORMACI\u00d3N Escr\u00edbenos si necesitas m\u00e1s informaci\u00f3n o si tienes alguna duda sobre el programa<\/p>\n","protected":false},"author":1,"featured_media":0,"parent":0,"menu_order":0,"comment_status":"closed","ping_status":"closed","template":"","meta":{"om_disable_all_campaigns":false,"_monsterinsights_skip_tracking":false,"_monsterinsights_sitenote_active":false,"_monsterinsights_sitenote_note":"","_monsterinsights_sitenote_category":0,"_uf_show_specific_survey":0,"_uf_disable_surveys":false,"footnotes":""},"class_list":["post-106","page","type-page","status-publish","hentry"],"aioseo_notices":[],"_links":{"self":[{"href":"https:\/\/dsi.utalca.cl\/index.php\/wp-json\/wp\/v2\/pages\/106","targetHints":{"allow":["GET"]}}],"collection":[{"href":"https:\/\/dsi.utalca.cl\/index.php\/wp-json\/wp\/v2\/pages"}],"about":[{"href":"https:\/\/dsi.utalca.cl\/index.php\/wp-json\/wp\/v2\/types\/page"}],"author":[{"embeddable":true,"href":"https:\/\/dsi.utalca.cl\/index.php\/wp-json\/wp\/v2\/users\/1"}],"replies":[{"embeddable":true,"href":"https:\/\/dsi.utalca.cl\/index.php\/wp-json\/wp\/v2\/comments?post=106"}],"version-history":[{"count":14,"href":"https:\/\/dsi.utalca.cl\/index.php\/wp-json\/wp\/v2\/pages\/106\/revisions"}],"predecessor-version":[{"id":518,"href":"https:\/\/dsi.utalca.cl\/index.php\/wp-json\/wp\/v2\/pages\/106\/revisions\/518"}],"wp:attachment":[{"href":"https:\/\/dsi.utalca.cl\/index.php\/wp-json\/wp\/v2\/media?parent=106"}],"curies":[{"name":"wp","href":"https:\/\/api.w.org\/{rel}","templated":true}]}}