{"id":102,"date":"2024-04-29T22:53:20","date_gmt":"2024-04-30T01:53:20","guid":{"rendered":"http:\/\/172.17.24.164\/?page_id=102"},"modified":"2024-08-01T11:05:27","modified_gmt":"2024-08-01T14:05:27","slug":"contacto","status":"publish","type":"page","link":"https:\/\/dsi.utalca.cl\/index.php\/contacto\/","title":{"rendered":"Contacto"},"content":{"rendered":"\n<div class=\"wp-block-group h-60 is-vertical is-layout-flex wp-container-core-group-is-layout-1 wp-block-group-is-layout-flex\"><h2 style=\"font-style:normal;font-weight:700; margin-bottom:var(--wp--preset--spacing--10);\" class=\"w-100 wp-block-post-title has-large-font-size has-system-sans-serif-font-family\">Contacto<\/h2>\n\n\n<ul class=\"wp-block-list\">\n<li class=\"has-small-font-size\"><strong>N\u00famero de contacto:<\/strong> +56 75 2201850, Marcela Aravena. +56 75 2201739, Catalina Ardiles.<\/li>\n\n\n\n<li class=\"has-small-font-size\"><strong>Direcci\u00f3n:<\/strong> Camino a Los Niches Km. 1, Curic\u00f3, Chile.<\/li>\n<\/ul>\n\n\n\n<p class=\"has-small-font-size\"><strong>\u00bfC\u00f3mo llegar?<\/strong><\/p>\n\n\n\n<p class=\"has-small-font-size\">La Facultad de Ingenier\u00eda se encuentra emplazada en gran parte, en el Campus Curic\u00f3 de la Universidad de Talca. Tambi\u00e9n hay una parte de nuestras carreras que se encuentran en el Campus Talca. Se ubica en el sector de Los Niches, al suroriente de la ciudad de Curic\u00f3, 50 kil\u00f3metros al norte de Talca.<\/p>\n\n\n\n<p class=\"has-small-font-size\">En veh\u00edculo, desde la ruta 5 sur tomar la salida hacia Los Niches, antes del KM 2 encontrar\u00e1 el campus. Si viaja en bus puede bajarse en 3 locaciones:<\/p>\n\n\n\n<ul class=\"wp-block-list\">\n<li class=\"has-small-font-size\"><strong>Terminal de Buses de Curic\u00f3:<\/strong> Encuentre el sector de minibuses hacia Los Niches y aborde cualquiera de ellos, todos lo llevar\u00e1n a la facultad de ingenier\u00eda.<\/li>\n\n\n\n<li class=\"has-small-font-size\"><strong>Terminal de Pullman del Sur:<\/strong> Ubicado en Camilo Henr\u00edquez. La universidad posee buses de acercamientos que incluyen el sector dentro del recorrido. Cruce Camilo Henr\u00edquez y espere el transporte de la universidad.<\/li>\n\n\n\n<li class=\"has-small-font-size\"><strong>En carretera:<\/strong> Camine 2 kil\u00f3metros hacia la cordillera y encontrar\u00e1 la facultad de ingenier\u00eda.<\/li>\n<\/ul>\n<\/div>\n","protected":false},"excerpt":{"rendered":"<p>\u00bfC\u00f3mo llegar? La Facultad de Ingenier\u00eda se encuentra emplazada en gran parte, en el Campus Curic\u00f3 de la Universidad de Talca. Tambi\u00e9n hay una parte de nuestras carreras que se encuentran en el Campus Talca. Se ubica en el sector de Los Niches, al suroriente de la ciudad de Curic\u00f3, 50 kil\u00f3metros al norte de [&hellip;]<\/p>\n","protected":false},"author":1,"featured_media":0,"parent":0,"menu_order":0,"comment_status":"closed","ping_status":"closed","template":"","meta":{"om_disable_all_campaigns":false,"_monsterinsights_skip_tracking":false,"_monsterinsights_sitenote_active":false,"_monsterinsights_sitenote_note":"","_monsterinsights_sitenote_category":0,"_uf_show_specific_survey":0,"_uf_disable_surveys":false,"footnotes":""},"class_list":["post-102","page","type-page","status-publish","hentry"],"aioseo_notices":[],"_links":{"self":[{"href":"https:\/\/dsi.utalca.cl\/index.php\/wp-json\/wp\/v2\/pages\/102","targetHints":{"allow":["GET"]}}],"collection":[{"href":"https:\/\/dsi.utalca.cl\/index.php\/wp-json\/wp\/v2\/pages"}],"about":[{"href":"https:\/\/dsi.utalca.cl\/index.php\/wp-json\/wp\/v2\/types\/page"}],"author":[{"embeddable":true,"href":"https:\/\/dsi.utalca.cl\/index.php\/wp-json\/wp\/v2\/users\/1"}],"replies":[{"embeddable":true,"href":"https:\/\/dsi.utalca.cl\/index.php\/wp-json\/wp\/v2\/comments?post=102"}],"version-history":[{"count":1,"href":"https:\/\/dsi.utalca.cl\/index.php\/wp-json\/wp\/v2\/pages\/102\/revisions"}],"predecessor-version":[{"id":382,"href":"https:\/\/dsi.utalca.cl\/index.php\/wp-json\/wp\/v2\/pages\/102\/revisions\/382"}],"wp:attachment":[{"href":"https:\/\/dsi.utalca.cl\/index.php\/wp-json\/wp\/v2\/media?parent=102"}],"curies":[{"name":"wp","href":"https:\/\/api.w.org\/{rel}","templated":true}]}}